{"id":138,"date":"2025-05-07T15:48:08","date_gmt":"2025-05-07T13:48:08","guid":{"rendered":"https:\/\/www.spa-lorraine.com\/boutique\/?post_type=product&#038;p=138"},"modified":"2026-04-07T11:35:07","modified_gmt":"2026-04-07T09:35:07","slug":"porte-cle","status":"publish","type":"product","link":"https:\/\/www.spa-lorraine.com\/boutique\/produit\/porte-cle\/","title":{"rendered":"Porte-cl\u00e9 jeton SLPA"},"content":{"rendered":"<p>\u2022 Porte cl\u00e9 jeton en m\u00e9tal \u00e0 l&rsquo;unit\u00e9<\/p>\n<p>\u2022 2 couleurs au choix<\/p>\n","protected":false},"excerpt":{"rendered":"<p>\u2022 Porte cl\u00e9 jeton en m\u00e9tal \u00e0 l&rsquo;unit\u00e9 \u2022 2 couleurs au choix<\/p>\n","protected":false},"featured_media":141,"template":"","meta":[],"product_brand":[],"product_cat":[18],"product_tag":[],"class_list":{"0":"post-138","1":"product","2":"type-product","3":"status-publish","4":"has-post-thumbnail","6":"product_cat-accessoires","8":"first","9":"instock","10":"shipping-taxable","11":"purchasable","12":"product-type-variable"},"_links":{"self":[{"href":"https:\/\/www.spa-lorraine.com\/boutique\/wp-json\/wp\/v2\/product\/138","targetHints":{"allow":["GET"]}}],"collection":[{"href":"https:\/\/www.spa-lorraine.com\/boutique\/wp-json\/wp\/v2\/product"}],"about":[{"href":"https:\/\/www.spa-lorraine.com\/boutique\/wp-json\/wp\/v2\/types\/product"}],"wp:featuredmedia":[{"embeddable":true,"href":"https:\/\/www.spa-lorraine.com\/boutique\/wp-json\/wp\/v2\/media\/141"}],"wp:attachment":[{"href":"https:\/\/www.spa-lorraine.com\/boutique\/wp-json\/wp\/v2\/media?parent=138"}],"wp:term":[{"taxonomy":"product_brand","embeddable":true,"href":"https:\/\/www.spa-lorraine.com\/boutique\/wp-json\/wp\/v2\/product_brand?post=138"},{"taxonomy":"product_cat","embeddable":true,"href":"https:\/\/www.spa-lorraine.com\/boutique\/wp-json\/wp\/v2\/product_cat?post=138"},{"taxonomy":"product_tag","embeddable":true,"href":"https:\/\/www.spa-lorraine.com\/boutique\/wp-json\/wp\/v2\/product_tag?post=138"}],"curies":[{"name":"wp","href":"https:\/\/api.w.org\/{rel}","templated":true}]}}