{"id":101,"date":"2025-05-04T18:29:30","date_gmt":"2025-05-04T16:29:30","guid":{"rendered":"https:\/\/www.spa-lorraine.com\/boutique\/?page_id=101"},"modified":"2025-06-09T12:47:32","modified_gmt":"2025-06-09T10:47:32","slug":"cgv","status":"publish","type":"page","link":"https:\/\/www.spa-lorraine.com\/boutique\/cgv\/","title":{"rendered":"CGV"},"content":{"rendered":"\r\n\r\n\r\n<h3>Conditions g\u00e9n\u00e9rales de vente spa-lorraine.com\/boutique<\/h3>\r\n\r\n\r\n\r\n<h3>Article 1 : Objet<\/h3>\r\n\r\n\r\n\r\n<p>Le pr\u00e9sent contrat de commerce en ligne a pour but de r\u00e9gir les transactions li\u00e9es \u00e0 la fourniture des biens vendus par la SPA Lorraine par voie \u00e9lectronique sur le site internet : www.spa-lorraine.com\/boutique<br \/>L\u2019ensemble du site www.spa-lorraine.com\/boutique rel\u00e8ve de la l\u00e9gislation fran\u00e7aise et internationale sur le droit d\u2019auteur et la propri\u00e9t\u00e9 intellectuelle. Tous les droits de reproduction sont r\u00e9serv\u00e9s, y compris les repr\u00e9sentations iconographiques, photographiques et les documents t\u00e9l\u00e9chargeables.<br \/>La reproduction de tout ou partie de ce site sur un support quel qu\u2019il soit ou l\u2019exploitation commerciale m\u00eame partielle des donn\u00e9es qui y sont pr\u00e9sent\u00e9es, est formellement interdite sans l\u2019accord pr\u00e9alable et \u00e9crit du directeur de publication, responsable du site.<\/p>\r\n\r\n\r\n\r\n<h3>Article 2 : Identification du vendeur de biens ou du prestataire de services<\/h3>\r\n\r\n\r\n\r\n<p><strong>SLPA \u2013 Parc de Haye<br \/><\/strong>All\u00e9e des Cornouillers<br \/>54840 Velaine-en-Haye<br \/>T\u00e9l. 03 83 23 33 34 \/ boutique@spa-lorraine.com<\/p>\r\n\r\n\r\n\r\n<h3>Article 3 : Caract\u00e9ristiques essentielles des biens<\/h3>\r\n\r\n\r\n\r\n<p>Les articles pr\u00e9sent\u00e9s sur le site spa-lorraine.com\/boutique sont caract\u00e9ris\u00e9s par un descriptif d\u00e9taill\u00e9 (d\u00e9nomination, dimensions, couleur, conseils d\u2019entretien et d\u2019utilisation) dont le contenu d\u00e9pend de la nature du produit , un prix et une photographie. L\u2019offre propos\u00e9e par le site spa-lorraine.com\/boutique valable en France m\u00e9tropolitaine uniquement.<br \/>La photographie n\u2019a qu\u2019une valeur illustrative, et n\u2019entre pas dans le champ contractuel. Si des erreurs s\u2019y sont introduites, en aucun cas, la responsabilit\u00e9 de la SPA Lorraine ne pourra \u00eatre engag\u00e9e. Les produits propos\u00e9s aux clients de la SPA Lorraine sont disponibles dans nos entrep\u00f4ts.<\/p>\r\n\r\n\r\n\r\n<p>Les produits que le client commande sont en stock. Sa commande est r\u00e9ceptionn\u00e9e par la SPA Lorraine d\u00e8s la validation du paiement par carte bancaire. Elle est pr\u00e9par\u00e9e dans les 72 heures qui suivent la r\u00e9ception de sa commande (jours ouvr\u00e9s \u2013 week-end et jours f\u00e9ri\u00e9s non inclus) et exp\u00e9di\u00e9e dans les 48 heures apr\u00e8s sa pr\u00e9paration.<br \/>Sa commande est exp\u00e9di\u00e9e et sera livr\u00e9e au client en 72 heures \u00e0 partir de la date de remise de la commande \u00e0 mondial relay (jours ouvr\u00e9s \u2013 week-end et jours f\u00e9ri\u00e9s non inclus), d\u00e9lai de Mondial Relay habituellement constat\u00e9. En Point Relais : Vous avez 8 jours calendaires pour r\u00e9cup\u00e9rer votre colis. En Locker : Le d\u00e9lai est plus court, seulement 5 jours calendaires.<\/p>\r\n<p>Les retards \u00e9ventuels ne donnent pas le droit \u00e0 l\u2019acheteur de r\u00e9clamer des dommages et int\u00e9r\u00eats.<br \/>Les d\u00e9lais moyens observ\u00e9s dans la livraison des colis aux clients \u00e0 compter de la r\u00e9ception de leurs commandes sont de 3 \u00e0 6 jours ouvr\u00e9s. Ces d\u00e9lais moyens, observ\u00e9s en conditions normales d\u2019acheminement, restent indicatifs et susceptibles d\u2019\u00e9volution en fonction des conditions de trafic postal.<\/p>\r\n\r\n\r\n\r\n<p>Toutes les commandes pass\u00e9es sur le site spa-lorraine.com\/boutique sont destin\u00e9es \u00e0 l\u2019usage personnel des clients ; les clients ou les destinataires des produits s\u2019interdisent toute revente partielle ou totale des produits. La SPA Lorraine se d\u00e9gage de fait de toute responsabilit\u00e9 juridique si l\u2019acquittement des taxes n\u2019\u00e9tait pas effectu\u00e9 par le client.<br \/>La SPA Lorraine\u00a0 ne saurait \u00eatre tenu pour responsable en cas de retards ou impossibilit\u00e9s dans le respect des obligations contractuelles li\u00e9s \u00e0 des \u00e9v\u00e9nements qualifi\u00e9s de force majeure selon la jurisprudence en vigueur.<br \/>Les marchandises voyagent toujours aux risques et p\u00e9rils du destinataire. Il est conseill\u00e9 au client de toujours v\u00e9rifier son colis \u00e0 l\u2019arriv\u00e9e. N\u2019acceptez aucun colis ouvert ou d\u00e9t\u00e9rior\u00e9, sinon aucun recours ne sera possible aupr\u00e8s de Mondial relay. Le client dispose d\u2019un d\u00e9lai de 48 heures pour faire d\u2019\u00e9ventuelles r\u00e9serves aupr\u00e8s du transporteur en cas de manquant ou de d\u00e9gradation.<\/p>\r\n\r\n\r\n\r\n<p>Les frais de pr\u00e9paration, d\u2019emballage et d\u2019exp\u00e9dition, d\u2019un montant allant de 4\u20ac \u20ac \u00e0 7\u20ac \u20ac (\u00e9volutifs en fonction du poids du colis), sont forfaitaires et appliqu\u00e9s \u00e0 chaque commande.<\/p>\r\n\r\n\r\n\r\n<p>Si le produit achet\u00e9 est destin\u00e9 \u00e0 une autre personne que le client, celui-ci pr\u00e9cise simplement les coordonn\u00e9es de cette personne dans la partie \u201cadresse de livraison\u201d de sa commande et ses coordonn\u00e9es dans la partie \u201cadresse de facturation\u201d.<br \/>Une facture est \u00e9dit\u00e9e \u00e0 chaque validation de commande. Le client peut retrouver l\u2019ensemble de ses factures en se connectant \u00e0 son compte.<\/p>\r\n\r\n\r\n\r\n<p>Si le produit est indisponible apr\u00e8s passation de sa commande, la SPA Lorraine informera le client par e-mail. Celui-ci pourra d\u00e9cider de confirmer sa commande malgr\u00e9 le ou les produit(s) manquant(s) ou bien de l\u2019annuler. Sa commande pourra \u00eatre annul\u00e9e et le remboursement sera effectu\u00e9.<\/p>\r\n\r\n\r\n\r\n<p>En cas de r\u00e9ception d\u2019un produit non conforme ou d\u00e9fectueux, nous invitons le client \u00e0 contacter le service client par e-mail \u00e0 boutique@spa-lorraine.com afin de proc\u00e9der au retour de ce produit \u00e0 nos services selon les pr\u00e9sentes conditions g\u00e9n\u00e9rales de ventes.<\/p>\r\n\r\n\r\n\r\n<h3>Article 4 : Conditions contractuelles du vendeur<\/h3>\r\n\r\n\r\n\r\n<p>En confirmant sa commande, le client reconna\u00eet avoir pris connaissance et d\u00e9clare express\u00e9ment accepter l\u2019int\u00e9gralit\u00e9 des pr\u00e9sentes conditions g\u00e9n\u00e9rales de vente sans r\u00e9serve. Ces conditions g\u00e9n\u00e9rales de vente pr\u00e9vaudront sur toutes autres conditions figurant dans tout document contradictoire, l\u2019acte d\u2019achat entra\u00eenant l\u2019acceptation de ces conditions g\u00e9n\u00e9rales de vente.<br \/>Cette confirmation ainsi que l\u2019ensemble des donn\u00e9es que la SPA Lorraine aura enregistr\u00e9es constitueront la preuve des transactions existantes entre la SPA Lorraine et le client.<br \/>Les pr\u00e9sentes conditions g\u00e9n\u00e9rales de vente sont susceptibles de modifications \u00e0 tout moment et sans pr\u00e9avis.<\/p>\r\n\r\n\r\n\r\n<h3>Article 5 : Mention d\u00e9taill\u00e9e du prix du bien<\/h3>\r\n\r\n\r\n\r\n<p>Les prix des articles sur les fiches produit, sont indiqu\u00e9s en euros toutes taxes comprises, hors participation aux frais de traitement, de pr\u00e9paration et d\u2019exp\u00e9dition de la commande.<br \/>Le prix indiqu\u00e9 dans la confirmation de commande est le prix d\u00e9finitif, exprim\u00e9 toutes taxes comprise, incluant la TVA pour la France, et les frais de traitement, de pr\u00e9paration et d\u2019exp\u00e9dition de la commande.<br \/>Les produits demeurent l\u2019enti\u00e8re propri\u00e9t\u00e9 de la SPA Lorraine jusqu\u2019\u00e0 ce que le client ait rempli toutes ses obligations \u00e0 l\u2019encontre de la SPA Lorraine et notamment jusqu\u2019au complet paiement de leur prix.<\/p>\r\n\r\n\r\n\r\n<h3>Article 6 : Conclusion du contrat en ligne<\/h3>\r\n\r\n\r\n\r\n<p>La passation de commande est mat\u00e9rialis\u00e9e par la r\u00e9alisation des \u00e9tapes suivantes : choix du ou des articles et ajout dans le panier, confirmation du panier, saisie des coordonn\u00e9es client, saisie des coordonn\u00e9es bancaires.<\/p>\r\n\r\n\r\n\r\n<p>Avant de confirmer son acceptation de l\u2019offre, le client v\u00e9rifie :<br \/>\u2013 le d\u00e9tail de sa commande (produits, quantit\u00e9s, mode de paiement, mode de livraison\u2026)<br \/>\u2013 le prix TTC<br \/>et corrige d\u2019\u00e9ventuelles erreurs.<\/p>\r\n\r\n\r\n\r\n<p>La commande peut \u00eatre modifi\u00e9e \u00e0 tout moment jusqu\u2019\u00e0 la validation finale par le client, qui vaut acceptation d\u00e9finitive de l\u2019offre et d\u00e9clenche le traitement de sa commande.<br \/>La SPA Lorraine confirme l\u2019acceptation de sa commande au client via l\u2019envoi d\u2019une confirmation de commande envoy\u00e9e \u00e0 l\u2019adresse e-mail que celui-ci aura communiqu\u00e9e lors de sa commande.<br \/>Les syst\u00e8mes d\u2019enregistrement automatique sont consid\u00e9r\u00e9s comme valant preuve, de la nature, du contenu et de la date de la commande.<br \/>La SPA Lorraine se r\u00e9serve le droit d\u2019annuler toute commande d\u2019un client avec lequel existerait un litige relatif au paiement d\u2019une commande ant\u00e9rieure.<br \/>Les informations \u00e9nonc\u00e9es par le client, lors de la prise de commande, n\u2019engagent que lui : en cas d\u2019erreur dans le libell\u00e9 des coordonn\u00e9es du destinataire, la SPA Lorraine ne saurait \u00eatre tenu responsable de l\u2019impossibilit\u00e9 dans laquelle il pourrait \u00eatre de livrer le produit.<\/p>\r\n\r\n\r\n\r\n<h3>Article 7 : Paiement<\/h3>\r\n\r\n\r\n\r\n<p>Le prix factur\u00e9 au client est le prix indiqu\u00e9 sur la confirmation de commande adress\u00e9e par la SPA Lorraine Le montant de la commande est exigible imm\u00e9diatement \u00e0 la date de la commande effective.<br \/>Le paiement s\u2019effectue par carte bancaire Visa, MasterCard, AMEXou Paypal. Le paiement s\u00e9curis\u00e9 en ligne par carte bancaire pr\u00e9sente toute s\u00e9curit\u00e9 : il utilise le protocole SSL (Secure Socket Layer), protocole de paiement s\u00e9curis\u00e9. Lors de sa commande, le client est invit\u00e9 \u00e0 saisir les informations relatives \u00e0 sa carte bancaire (type de carte, nom du d\u00e9tenteur, num\u00e9ro \u00e0 16 chiffres, cryptogramme visuel, date d\u2019expiration) dans un \u00e9cran s\u00e9curis\u00e9, puis \u00e0 valider ces donn\u00e9es.<br \/>Avant de saisir ces informations, le client pourra alors reconna\u00eetre les \u00e9l\u00e9ments d\u2019un paiement s\u00e9curis\u00e9 lors de sa commande :<br \/>\u2013 la pr\u00e9sence du symbole d\u2019un cadenas ferm\u00e9 ou une cl\u00e9 appara\u00eet soit en haut \u00e0 droite de la barre d\u2019adresse, soit en bas \u00e0 droite de l\u2019\u00e9cran du navigateur selon la version de navigateur utilis\u00e9e<br \/>\u2013 l\u2019adresse url de la page commen\u00e7ant par \u00ab https \u00bb et pas \u00ab http \u00bb seulement (S pour \u00ab Secured \u00bb \u2013 S\u00e9curis\u00e9), ce qui indique que l\u2019acc\u00e8s \u00e0 la page est crypt\u00e9e et s\u00e9curis\u00e9.<br \/>La commande valid\u00e9e par le client ne sera consid\u00e9r\u00e9e effective que lorsque les centres de paiement bancaire concern\u00e9s auront donn\u00e9 leur accord. En cas de refus des dits centres, la commande sera automatiquement annul\u00e9e. La SPA Lorraine se r\u00e9serve le droit de refuser toute commande d\u2019un client avec lequel existerait un litige.<\/p>\r\n\r\n\r\n\r\n<h3>Article 8 : D\u00e9lai de r\u00e9tractation<\/h3>\r\n\r\n\r\n\r\n<p>Le client dispose d\u2019un d\u00e9lai de 14 jours pour se r\u00e9tracter sans avoir \u00e0 justifier de motifs ni \u00e0 payer de p\u00e9nalit\u00e9s, \u00e0 l\u2019exception des frais de retour du produit, \u00e0 compter de date de r\u00e9ception de la commande. Le client a la possibilit\u00e9 de refuser ou de retourner tout ou partie de sa commande pour \u00e9change ou remboursement dans un d\u00e9lai de 14 jours \u00e0 compter de la date de r\u00e9ception du dit produit.<br \/>Les articles devront \u00eatre retourn\u00e9s en Colissimo Recommand\u00e9 dans leur \u00e9tat initial, dans leur emballage d\u2019origine, accompagn\u00e9s de leurs accessoires et notices d\u2019emploi et documentations \u00e9ventuels (les DVD, CD ne devront pas avoir \u00e9t\u00e9 d\u00e9ball\u00e9s, les produits \u00e9lectroniques devront \u00eatre complets : c\u00e2bles, notices\u2026), \u00e0 l\u2019adresse suivante :<br \/>SLPA \u2013 Parc de Haye &#8211; All\u00e9e des Cornouillers &#8211; 54840 Velaine-en-Haye<\/p>\r\n\r\n\r\n\r\n<p>Seuls seront repris les produits renvoy\u00e9s dans leur int\u00e9gralit\u00e9, dans leur emballage d\u2019origine complet et intact, et en parfait \u00e9tat de revente. Tout produit qui aura \u00e9t\u00e9 ab\u00eem\u00e9, ou dont l\u2019emballage d\u2019origine aura \u00e9t\u00e9 d\u00e9t\u00e9rior\u00e9, ne sera ni rembours\u00e9 ni \u00e9chang\u00e9.<\/p>\r\n\r\n\r\n\r\n<p>En cas d\u2019exercice du droit de r\u00e9tractation dans le d\u00e9lai d\u00e9fini, le client peut demander le remboursement du montant des produits retourn\u00e9s (les frais de pr\u00e9paration de commande et de livraison ne sont pas rembours\u00e9s), soit l\u2019\u00e9change d\u2019un ou plusieurs de ces produits. Dans le cas d\u2019un \u00e9change ou d\u2019un remboursement, la re-exp\u00e9dition reste \u00e0 sa charge.<br \/>En cas d\u2019annulation de sa commande, le client est invit\u00e9 \u00e0 contacter le service client au plus vite afin d\u2019annuler sa commande avant l\u2019envoi de celle-ci.<br \/>La SPA Lorraine proc\u00e9dera alors au remboursement total du montant de sa commande par cr\u00e9dit de son compte bancaire sous r\u00e9serve qu\u2019aucune pr\u00e9paration de la commande n\u2019aura \u00e9t\u00e9 commenc\u00e9e.<br \/>La SPA Lorraine remboursera le client dans les meilleurs d\u00e9lais et au plus tard dans les trente jours suivant la date de r\u00e9tractation. Les remboursements seront effectu\u00e9s par virement bancaire sur le compte li\u00e9 \u00e0 la carte bancaire utilis\u00e9e lors du paiement de la commande.<\/p>\r\n\r\n\r\n\r\n<h3>Article 9 : Livraison du bien<\/h3>\r\n\r\n\r\n\r\n<p>Les produits que le client commande sont en stock. Sa commande est r\u00e9ceptionn\u00e9e par La SPA Lorraine d\u00e8s la validation du paiement par carte bancaire. Elle est pr\u00e9par\u00e9e \u00e0 r\u00e9ception de la commande. Sa commande est exp\u00e9di\u00e9e et sera livr\u00e9e au client en 10 jours maximum \u00e0 partir de la date de remise de la commande \u00e0 Mondial relay (jours ouvr\u00e9s \u2013 week-end et jours f\u00e9ri\u00e9s non inclus).<\/p>\r\n\r\n\r\n\r\n<p>En Point Relais : Vous avez 8 jours calendaires pour r\u00e9cup\u00e9rer votre colis. En Locker : Le d\u00e9lai est plus court, seulement 5 jours calendaires.. Les retards \u00e9ventuels ne donnent pas le droit \u00e0 l\u2019acheteur de r\u00e9clamer des dommages et int\u00e9r\u00eats.<\/p>\r\n\r\n\r\n\r\n<p>Les d\u00e9lais moyens observ\u00e9s dans la livraison des colis aux clients \u00e0 compter de la r\u00e9ception de leurs commandes sont de 3 jours ouvr\u00e9s. Ces d\u00e9lais moyens, observ\u00e9s en conditions normales d\u2019acheminement, restent indicatifs et susceptibles d\u2019\u00e9volution en fonction des conditions de trafic postal.<\/p>\r\n\r\n\r\n\r\n<p>La SPA Lorraine ne saurait \u00eatre tenu pour responsable en cas de retard ou impossibilit\u00e9 dans le respect des obligations contractuelles li\u00e9s \u00e0 des \u00e9v\u00e9nements qualifi\u00e9s de force majeure selon la jurisprudence en vigueur.<\/p>\r\n\r\n\r\n\r\n<p>Les marchandises voyagent toujours aux risques et p\u00e9rils du destinataire. V\u00e9rifiez toujours son colis \u00e0 l\u2019arriv\u00e9e. N\u2019acceptez aucun colis ouvert ou d\u00e9t\u00e9rior\u00e9, sinon aucun recours ne sera possible aupr\u00e8s de Mondial relay. Le client dispose d\u2019un d\u00e9lai de 48 heures pour faire d\u2019\u00e9ventuelles r\u00e9serves aupr\u00e8s du transporteur en cas de manquant ou de d\u00e9gradation.<\/p>\r\n\r\n\r\n\r\n<p>Article 10 : Garantie l\u00e9gale de conformit\u00e9 pour la vente de biens<\/p>\r\n\r\n\r\n\r\n<p>En cas de r\u00e9ception d\u2019un produit non conforme ou d\u00e9fectueux, nous invitons le client \u00e0 contacter le service client par e-mail \u00e0 l\u2019adresse boutique@spa-lorraine.com (en indiquant les informations suivantes : num\u00e9ro de commande, coordonn\u00e9es de l\u2019acheteur, r\u00e9f\u00e9rence des articles \u00e0 renvoyer et le motif du retour) afin proc\u00e9der au retour de ce produit \u00e0 nos services et de permettre son remplacement ou son remboursement.<\/p>\r\n\r\n\r\n\r\n<p>Les produits devront \u00eatre retourn\u00e9s en Colissimo Recommand\u00e9 dans leur emballage d\u2019origine, accompagn\u00e9s de leurs accessoires et notices d\u2019emploi et documentations \u00e9ventuels, \u00e0 l\u2019adresse suivante :<\/p>\r\n\r\n\r\n\r\n<p><strong>SLPA \u2013 Parc de Haye<br \/>All\u00e9e des Cornouillers<br \/>54840 Velaine-en-Haye<\/strong><\/p>\r\n\r\n\r\n\r\n<p>le client veillera \u00e0 bien indiquer la raison du retour et la modalit\u00e9 qu\u2019il a choisie :<br \/>\u2022 Remplacement du produit<br \/>ou<br \/>\u2022 Remboursement du produit.<\/p>\r\n\r\n\r\n\r\n<p>En cas de demande de remboursement, la SPA Lorraine remboursera le client dans les meilleurs d\u00e9lais et au plus tard dans les trente jours suivant la date de r\u00e9ception des produits. Les remboursements seront effectu\u00e9s par virement bancaire sur le compte sur le compte li\u00e9 \u00e0 la carte bancaire utilis\u00e9e lors du paiement de la commande.<br \/>Les frais d\u2019envoi seront rembours\u00e9s sur la base du tarif factur\u00e9 et les frais de retour seront rembours\u00e9s sur pr\u00e9sentation des justificatifs.<br \/>Nous informerons le client par courrier \u00e9lectronique de son remboursement \u00e0 r\u00e9ception de son article.<\/p>\r\n\r\n\r\n\r\n<p>La garantie l\u00e9gale peut \u00eatre invoqu\u00e9e si la non-conformit\u00e9 est constat\u00e9e dans les 2 ans \u00e0 compter de la r\u00e9ception du produit. Si la constatation est faite plus de six mois apr\u00e8s la livraison, le client est tenu de prouver l\u2019existence de la non-conformit\u00e9 au moment de la livraison.<\/p>\r\n\r\n\r\n\r\n<h3>Article 11 : Donn\u00e9es nominatives<\/h3>\r\n\r\n\r\n\r\n<p>Les informations recueillies aupr\u00e8s des personnes sur le site Internet spa-lorraine.com\/boutique sont destin\u00e9es \u00e0 l\u2019usage exclusif de la SPA Lorraine. Elles ne sont en aucun cas transmises \u00e0 des tiers.<br \/>La SPA Lorraine ne collecte sur les visiteurs du site spa-lorraine.com\/boutique que les informations nominatives ou personnelles n\u00e9cessaires \u00e0 la bonne ex\u00e9cution des commandes. Le renseignement de ces informations est obligatoire, ces informations \u00e9tant indispensables pour le traitement et l\u2019acheminement des commandes et l\u2019\u00e9tablissement des factures. Le d\u00e9faut de renseignement entra\u00eene la non validation de la commande.<br \/>Des cookies peuvent \u00eatre utilis\u00e9s pour le fonctionnement et la prise en compte des commandes du site spa-lorraine.com\/boutique<\/p>\r\n\r\n\r\n\r\n<p>L\u2019utilisateur est inform\u00e9 que ce traitement automatis\u00e9 d\u2019informations a fait l\u2019objet d\u2019une d\u00e9claration aupr\u00e8s de la Commission Nationale de l\u2019Informatique et des Libert\u00e9s (CNIL).<br \/>Conform\u00e9ment aux dispositions de la loi Informatique et Libert\u00e9s du 6 Janvier 1978, vous disposez d\u2019un droit total d\u2019acc\u00e8s, de modification, de rectification et de suppression aux donn\u00e9es personnelles vous concernant.<br \/>Pour faire valoir votre droit d\u2019acc\u00e8s aux donn\u00e9es vous concernant, veuillez nous contacter au :<br \/>SLPA \u2013 Parc de Haye &#8211; All\u00e9e des Cornouillers &#8211; 54840 Velaine-en-Haye<br \/>T\u00e9l. 03 83 23 33 34<br \/>En adh\u00e9rant \u00e0 ces conditions g\u00e9n\u00e9rales de vente, le client reconna\u00eet avoir pris connaissance de notre politique de protection des donn\u00e9es personnelles et consent \u00e0 ce que nous collections et utilisions ces donn\u00e9es.<\/p>\r\n\r\n\r\n\r\n<h3>Article 12 : Loi applicable \u00e0 l\u2019activit\u00e9 du vendeur<\/h3>\r\n\r\n\r\n\r\n<p>Les parties conviennent que le pr\u00e9sent contrat est soumis au droit fran\u00e7ais.<\/p>\r\n\r\n\r\n\r\n<p>Article 13 : R\u00e8glement des litiges<\/p>\r\n\r\n\r\n\r\n<p>Toute r\u00e9clamation relative \u00e0 une commande est \u00e0 soumettre :<\/p>\r\n\r\n\r\n\r\n<ul class=\"wp-block-list\">\r\n<li>\u00e0 l\u2019adresse suivante : <strong>SLPA \u2013 Parc de Haye &#8211; All\u00e9e des Cornouillers &#8211; 54840 Velaine-en-Hay<\/strong>e<\/li>\r\n\r\n\r\n\r\n<li>ou par e-mail :<strong> boutique@spa-lorraine.com<\/strong><br \/>En cas de difficult\u00e9s dans l\u2019application du pr\u00e9sent contrat, les parties conviennent de la possibilit\u00e9, avant toute action en justice, de rechercher une solution amiable dans le r\u00e8glement de tout litige pouvant survenir durant l\u2019ex\u00e9cution du contrat. En cas d\u2019impossibilit\u00e9 d\u2019accord sur une solution amiable, il sera fait appel au Tribunal de Commerce de Nancy, seul comp\u00e9tent quels que soient le lieu de livraison.<br \/>Il est rappel\u00e9 qu\u2019en r\u00e8gle g\u00e9n\u00e9rale et sous r\u00e9serve de l\u2019appr\u00e9ciation des Tribunaux, le respect des dispositions du pr\u00e9sent contrat relatives \u00e0 la garantie contractuelle suppose que l\u2019acheteur honore ses engagements financiers envers le vendeur.<\/li>\r\n<\/ul>\r\n<p>\r\n\r\n<\/p>\r\n<h3>Article 14 : Limites de responsabilit\u00e9s<\/h3>\r\n<p>La SPA Lorraine n\u2019est pas le producteur des produits en vente sur le site de vente en ligne spa-lorraine.com\/boutique au sens de la loi n\u00b098-389 du 19 mai 1998 et relative \u00e0 la responsabilit\u00e9 du fait des produits d\u00e9fectueux.<br \/>La SPA Lorraine ne saurait \u00eatre tenu pour responsable des dommages caus\u00e9s \u00e0 une personne ou \u00e0 un bien par un d\u00e9faut de produit ou par une mauvaise utilisation des produits commercialis\u00e9s ou des modifications des produits r\u00e9sultant des fabricants. Seule la responsabilit\u00e9 du producteur de ce produit pourra \u00eatre recherch\u00e9e par le consommateur, sur la base des informations figurant sur l\u2019emballage du-dit produit.<br \/>La SPA Lorraine ne saurait \u00eatre tenu pour responsable en cas de retards ou impossibilit\u00e9s dans le respect des obligations contractuelles li\u00e9s \u00e0 des \u00e9v\u00e9nements qualifi\u00e9s de force majeure selon la jurisprudence en vigueur.<br \/>La SPA Lorraine ne saurait \u00eatre tenu responsable de retard d\u00fb \u00e0 une rupture de stock chez l\u2019\u00e9diteur ou le fournisseur ni en cas d\u2019erreur dans la pr\u00e9sentation des produits sur notre site, les photographies, textes et illustrations repr\u00e9sentant les produits n\u2019\u00e9tant pas contractuels.<\/p>\r\n","protected":false},"excerpt":{"rendered":"<p>Conditions g\u00e9n\u00e9rales de vente spa-lorraine.com\/boutique Article 1 : Objet Le pr\u00e9sent contrat de commerce en ligne a pour but de r\u00e9gir les transactions li\u00e9es \u00e0 la fourniture des biens vendus par la SPA Lorraine par voie \u00e9lectronique sur le site internet : www.spa-lorraine.com\/boutiqueL\u2019ensemble du site www.spa-lorraine.com\/boutique rel\u00e8ve de la l\u00e9gislation fran\u00e7aise et internationale sur le [&hellip;]<\/p>\n","protected":false},"author":3,"featured_media":0,"parent":0,"menu_order":0,"comment_status":"closed","ping_status":"closed","template":"","meta":{"footnotes":""},"class_list":["post-101","page","type-page","status-publish","hentry"],"_links":{"self":[{"href":"https:\/\/www.spa-lorraine.com\/boutique\/wp-json\/wp\/v2\/pages\/101","targetHints":{"allow":["GET"]}}],"collection":[{"href":"https:\/\/www.spa-lorraine.com\/boutique\/wp-json\/wp\/v2\/pages"}],"about":[{"href":"https:\/\/www.spa-lorraine.com\/boutique\/wp-json\/wp\/v2\/types\/page"}],"author":[{"embeddable":true,"href":"https:\/\/www.spa-lorraine.com\/boutique\/wp-json\/wp\/v2\/users\/3"}],"replies":[{"embeddable":true,"href":"https:\/\/www.spa-lorraine.com\/boutique\/wp-json\/wp\/v2\/comments?post=101"}],"version-history":[{"count":6,"href":"https:\/\/www.spa-lorraine.com\/boutique\/wp-json\/wp\/v2\/pages\/101\/revisions"}],"predecessor-version":[{"id":387,"href":"https:\/\/www.spa-lorraine.com\/boutique\/wp-json\/wp\/v2\/pages\/101\/revisions\/387"}],"wp:attachment":[{"href":"https:\/\/www.spa-lorraine.com\/boutique\/wp-json\/wp\/v2\/media?parent=101"}],"curies":[{"name":"wp","href":"https:\/\/api.w.org\/{rel}","templated":true}]}}